{"id":825,"date":"2016-02-29T17:10:55","date_gmt":"2016-02-29T17:10:55","guid":{"rendered":"https:\/\/prismlighting.net\/?page_id=825"},"modified":"2021-03-12T07:20:24","modified_gmt":"2021-03-12T07:20:24","slug":"warranty_rma","status":"publish","type":"page","link":"https:\/\/prismlighting.net\/es\/warranty_rma\/","title":{"rendered":"Warranty RMA"},"content":{"rendered":"<div id=\"pl-825\"  class=\"panel-layout\" >\n<div id=\"pg-825-0\"  class=\"panel-grid panel-has-style\"  data-style=\"{&quot;class&quot;:&quot;container&quot;,&quot;background_image_attachment&quot;:false,&quot;background_display&quot;:&quot;tile&quot;,&quot;cell_alignment&quot;:&quot;flex-start&quot;}\" >\n<div class=\"container panel-row-style panel-row-style-for-825-0\" >\n<div id=\"pgc-825-0-0\"  class=\"panel-grid-cell\"  data-weight=\"1\" >\n<div id=\"panel-825-0-0-0\" class=\"so-panel widget widget_sow-editor panel-first-child panel-last-child\" data-index=\"0\" data-style=\"{&quot;background_image_attachment&quot;:false,&quot;background_display&quot;:&quot;tile&quot;}\" >\n<div class=\"so-widget-sow-editor so-widget-sow-editor-base\">\n<div class=\"siteorigin-widget-tinymce textwidget\">\n<div class=\"col-xs-12 col-sm-12 col-md-9\">\n<div id=\"primary\" class=\"content-area\">\n<div class=\"warpg-form\">\n\n<div class=\"wpcf7 no-js\" id=\"wpcf7-f839-o2\" lang=\"en-US\" dir=\"ltr\" data-wpcf7-id=\"839\">\n<div class=\"screen-reader-response\"><p role=\"status\" aria-live=\"polite\" aria-atomic=\"true\"><\/p> <ul><\/ul><\/div>\n<form action=\"\/es\/wp-json\/wp\/v2\/pages\/825#wpcf7-f839-o2\" method=\"post\" class=\"wpcf7-form init\" aria-label=\"Contact form\" novalidate=\"novalidate\" data-status=\"init\">\n<fieldset class=\"hidden-fields-container\"><input type=\"hidden\" name=\"_wpcf7\" value=\"839\" \/><input type=\"hidden\" name=\"_wpcf7_version\" value=\"6.1.4\" \/><input type=\"hidden\" name=\"_wpcf7_locale\" value=\"en_US\" \/><input type=\"hidden\" name=\"_wpcf7_unit_tag\" value=\"wpcf7-f839-o2\" \/><input type=\"hidden\" name=\"_wpcf7_container_post\" value=\"0\" \/><input type=\"hidden\" name=\"_wpcf7_posted_data_hash\" value=\"\" \/><input type=\"hidden\" name=\"_wpcf7_recaptcha_response\" value=\"\" \/>\n<\/fieldset>\n<p>Nombre <span class=\"war-str\">*<\/span>\n<\/p>\n<p><span class=\"wpcf7-form-control-wrap\" data-name=\"Nombre\"><input size=\"40\" maxlength=\"400\" class=\"wpcf7-form-control wpcf7-text wpcf7-validates-as-required\" aria-required=\"true\" aria-invalid=\"false\" value=\"\" type=\"text\" name=\"Nombre\" \/><\/span>\n<\/p>\n<p>Empresa*<br \/>\n<span class=\"wpcf7-form-control-wrap\" data-name=\"text-311\"><input size=\"40\" maxlength=\"400\" class=\"wpcf7-form-control wpcf7-text wpcf7-validates-as-required\" aria-required=\"true\" aria-invalid=\"false\" value=\"\" type=\"text\" name=\"text-311\" \/><\/span>\n<\/p>\n<p>Direcci\u00f3n<span class=\"war-str\">*<\/span>\n<\/p>\n<p><span class=\"wpcf7-form-control-wrap\" data-name=\"text-650\"><input size=\"40\" maxlength=\"400\" class=\"wpcf7-form-control wpcf7-text wpcf7-validates-as-required\" aria-required=\"true\" aria-invalid=\"false\" value=\"\" type=\"text\" name=\"text-650\" \/><\/span>\n<\/p>\n<p>Prism no puede enviar repuestos a una direcci\u00f3n APO o PO Box. S\u00edrvase proporcionar una direcci\u00f3n donde los paquetes pueden ser recibidos por el personal correspondiente.\n<\/p>\n<p>Ciudad<span class=\"war-str\">*<\/span>\n<\/p>\n<p><span class=\"wpcf7-form-control-wrap\" data-name=\"text-650\"><input size=\"40\" maxlength=\"400\" class=\"wpcf7-form-control wpcf7-text wpcf7-validates-as-required\" aria-required=\"true\" aria-invalid=\"false\" value=\"\" type=\"text\" name=\"text-650\" \/><\/span>\n<\/p>\n<p>Pa\u00eds<br \/>\n<span class=\"wpcf7-form-control-wrap\" data-name=\"Country\"><span class=\"wpcf7-form-control wpcf7-radio\"><span class=\"wpcf7-list-item first\"><span class=\"wpcf7-list-item-label\">United States<\/span><input type=\"radio\" name=\"Country\" value=\"United States\" checked=\"checked\" \/><\/span><span class=\"wpcf7-list-item last\"><span class=\"wpcf7-list-item-label\">Canada<\/span><input type=\"radio\" name=\"Country\" value=\"Canada\" \/><\/span><\/span><\/span>\n<\/p>\n<p>Estado \/ Provincia <span class=\"war-str\">*<\/span><br \/>\n<span class=\"wpcf7-form-control-wrap\" data-name=\"state\"><input size=\"40\" maxlength=\"400\" class=\"wpcf7-form-control wpcf7-text\" aria-invalid=\"false\" value=\"\" type=\"text\" name=\"state\" \/><\/span>\n<\/p>\n<p>Postal o Zip Code<span class=\"war-str\">*<\/span>\n<\/p>\n<p><span class=\"wpcf7-form-control-wrap\" data-name=\"Postal-o-Zip-Code\"><input size=\"40\" maxlength=\"400\" class=\"wpcf7-form-control wpcf7-text wpcf7-validates-as-required\" aria-required=\"true\" aria-invalid=\"false\" value=\"\" type=\"text\" name=\"Postal-o-Zip-Code\" \/><\/span>\n<\/p>\n<p>Direcci\u00f3n de correo electr\u00f3nico<span class=\"war-str\">*<\/span>\n<\/p>\n<p><span class=\"wpcf7-form-control-wrap\" data-name=\"email-373\"><input size=\"40\" maxlength=\"400\" class=\"wpcf7-form-control wpcf7-email wpcf7-validates-as-required wpcf7-text wpcf7-validates-as-email\" aria-required=\"true\" aria-invalid=\"false\" value=\"\" type=\"email\" name=\"email-373\" \/><\/span>\n<\/p>\n<p>Tel\u00e9fono durante el d\u00eda<span class=\"war-str\">*<\/span>\n<\/p>\n<p><span class=\"wpcf7-form-control-wrap\" data-name=\"text-203\"><input size=\"40\" maxlength=\"400\" class=\"wpcf7-form-control wpcf7-text wpcf7-validates-as-required\" aria-required=\"true\" aria-invalid=\"false\" value=\"\" type=\"text\" name=\"text-203\" \/><\/span>\n<\/p>\n<p>Problema con el Producto<span class=\"war-str\">*<\/span><span class=\"wpcf7-form-control-wrap\" data-name=\"Issue\"><select class=\"wpcf7-form-control wpcf7-select wpcf7-validates-as-required\" aria-required=\"true\" aria-invalid=\"false\" name=\"Issue\"><option value=\"PIL 1000\">PIL 1000<\/option><option value=\"PIL NITELITE\">PIL NITELITE<\/option><option value=\"Prism Balloon Light 500\/900\">Prism Balloon Light 500\/900<\/option><option value=\"Prism Mini Balloon Light 100\/160\">Prism Mini Balloon Light 100\/160<\/option><\/select><\/span>\n<\/p>\n<p>comentarios<span class=\"war-str\">*<\/span><br \/>\n<span class=\"wpcf7-form-control-wrap\" data-name=\"textarea-585\"><textarea cols=\"40\" rows=\"10\" maxlength=\"2000\" class=\"wpcf7-form-control wpcf7-textarea wpcf7-validates-as-required\" aria-required=\"true\" aria-invalid=\"false\" name=\"textarea-585\"><\/textarea><\/span>\n<\/p>\n<p>\n\n<\/p>\n<p><input class=\"wpcf7-form-control wpcf7-submit has-spinner\" type=\"submit\" value=\"ENVIAR\" \/>\n<\/p><div class=\"wpcf7-response-output\" aria-hidden=\"true\"><\/div>\n<\/form>\n<\/div>\n\n<p>&nbsp;\n<\/p><\/div>\n<p><!-- #main --><\/p>\n<\/div>\n<p><!-- #primary --><\/p>\n<\/div>\n<div class=\"col-xs-9 col-sm-6 col-md-3\"><img decoding=\"async\" src=\"https:\/\/prismlighting.net\/wp-content\/uploads\/2021\/03\/PLS-Warranty-Image.jpg\" alt=\"\" class=\"war_rma\"\/><\/div>\n<p>&nbsp;<\/p>\n<div class=\"col-xs-12 col-sm-12 col-md-9\">\n<div id=\"primary\" class=\"content-area\">\n<p><!-- #main --><\/p>\n<\/div>\n<p><!-- #primary --><\/p>\n<\/div>\n<div class=\"col-xs-9 col-sm-6 col-md-3\"><\/div>\n<p>&nbsp;<\/p><\/div>\n<\/div>\n<\/div>\n<\/div>\n<\/div>\n<\/div>\n<\/div>","protected":false},"excerpt":{"rendered":"","protected":false},"author":1,"featured_media":0,"parent":0,"menu_order":0,"comment_status":"closed","ping_status":"closed","template":"layouts\/page-fullwidth.php","meta":{"_acf_changed":false,"_monsterinsights_skip_tracking":false,"_monsterinsights_sitenote_active":false,"_monsterinsights_sitenote_note":"","_monsterinsights_sitenote_category":0,"footnotes":""},"class_list":["post-825","page","type-page","status-publish","hentry"],"acf":[],"yoast_head":"<!-- This site is optimized with the Yoast SEO plugin v26.6 - https:\/\/yoast.com\/wordpress\/plugins\/seo\/ -->\n<title>Warranty RMA - Prism Lighting<\/title>\n<meta name=\"robots\" content=\"index, follow, max-snippet:-1, max-image-preview:large, max-video-preview:-1\" \/>\n<link rel=\"canonical\" href=\"https:\/\/prismlighting.net\/warranty_rma\/\" \/>\n<meta property=\"og:locale\" content=\"es_ES\" \/>\n<meta property=\"og:type\" content=\"article\" \/>\n<meta property=\"og:title\" content=\"Warranty RMA - Prism Lighting\" \/>\n<meta property=\"og:url\" content=\"https:\/\/prismlighting.net\/warranty_rma\/\" \/>\n<meta property=\"og:site_name\" content=\"Prism Lighting\" \/>\n<meta property=\"article:modified_time\" content=\"2021-03-12T07:20:24+00:00\" \/>\n<meta property=\"og:image\" content=\"https:\/\/prismlighting.net\/wp-content\/uploads\/2021\/03\/PLS-Warranty-Image.jpg\" \/>\n<meta name=\"twitter:card\" content=\"summary_large_image\" \/>\n<script type=\"application\/ld+json\" class=\"yoast-schema-graph\">{\"@context\":\"https:\/\/schema.org\",\"@graph\":[{\"@type\":\"WebPage\",\"@id\":\"https:\/\/prismlighting.net\/warranty_rma\/\",\"url\":\"https:\/\/prismlighting.net\/warranty_rma\/\",\"name\":\"Warranty RMA - Prism Lighting\",\"isPartOf\":{\"@id\":\"https:\/\/prismlighting.net\/#website\"},\"primaryImageOfPage\":{\"@id\":\"https:\/\/prismlighting.net\/warranty_rma\/#primaryimage\"},\"image\":{\"@id\":\"https:\/\/prismlighting.net\/warranty_rma\/#primaryimage\"},\"thumbnailUrl\":\"https:\/\/prismlighting.net\/wp-content\/uploads\/2021\/03\/PLS-Warranty-Image.jpg\",\"datePublished\":\"2016-02-29T17:10:55+00:00\",\"dateModified\":\"2021-03-12T07:20:24+00:00\",\"inLanguage\":\"es\",\"potentialAction\":[{\"@type\":\"ReadAction\",\"target\":[\"https:\/\/prismlighting.net\/warranty_rma\/\"]}]},{\"@type\":\"ImageObject\",\"inLanguage\":\"es\",\"@id\":\"https:\/\/prismlighting.net\/warranty_rma\/#primaryimage\",\"url\":\"https:\/\/prismlighting.net\/wp-content\/uploads\/2021\/03\/PLS-Warranty-Image.jpg\",\"contentUrl\":\"https:\/\/prismlighting.net\/wp-content\/uploads\/2021\/03\/PLS-Warranty-Image.jpg\"},{\"@type\":\"WebSite\",\"@id\":\"https:\/\/prismlighting.net\/#website\",\"url\":\"https:\/\/prismlighting.net\/\",\"name\":\"Prism Lighting\",\"description\":\"\",\"potentialAction\":[{\"@type\":\"SearchAction\",\"target\":{\"@type\":\"EntryPoint\",\"urlTemplate\":\"https:\/\/prismlighting.net\/?s={search_term_string}\"},\"query-input\":{\"@type\":\"PropertyValueSpecification\",\"valueRequired\":true,\"valueName\":\"search_term_string\"}}],\"inLanguage\":\"es\"}]}<\/script>\n<!-- \/ Yoast SEO plugin. -->","yoast_head_json":{"title":"Warranty RMA - Prism Lighting","robots":{"index":"index","follow":"follow","max-snippet":"max-snippet:-1","max-image-preview":"max-image-preview:large","max-video-preview":"max-video-preview:-1"},"canonical":"https:\/\/prismlighting.net\/warranty_rma\/","og_locale":"es_ES","og_type":"article","og_title":"Warranty RMA - Prism Lighting","og_url":"https:\/\/prismlighting.net\/warranty_rma\/","og_site_name":"Prism Lighting","article_modified_time":"2021-03-12T07:20:24+00:00","og_image":[{"url":"https:\/\/prismlighting.net\/wp-content\/uploads\/2021\/03\/PLS-Warranty-Image.jpg","type":"","width":"","height":""}],"twitter_card":"summary_large_image","schema":{"@context":"https:\/\/schema.org","@graph":[{"@type":"WebPage","@id":"https:\/\/prismlighting.net\/warranty_rma\/","url":"https:\/\/prismlighting.net\/warranty_rma\/","name":"Warranty RMA - Prism Lighting","isPartOf":{"@id":"https:\/\/prismlighting.net\/#website"},"primaryImageOfPage":{"@id":"https:\/\/prismlighting.net\/warranty_rma\/#primaryimage"},"image":{"@id":"https:\/\/prismlighting.net\/warranty_rma\/#primaryimage"},"thumbnailUrl":"https:\/\/prismlighting.net\/wp-content\/uploads\/2021\/03\/PLS-Warranty-Image.jpg","datePublished":"2016-02-29T17:10:55+00:00","dateModified":"2021-03-12T07:20:24+00:00","inLanguage":"es","potentialAction":[{"@type":"ReadAction","target":["https:\/\/prismlighting.net\/warranty_rma\/"]}]},{"@type":"ImageObject","inLanguage":"es","@id":"https:\/\/prismlighting.net\/warranty_rma\/#primaryimage","url":"https:\/\/prismlighting.net\/wp-content\/uploads\/2021\/03\/PLS-Warranty-Image.jpg","contentUrl":"https:\/\/prismlighting.net\/wp-content\/uploads\/2021\/03\/PLS-Warranty-Image.jpg"},{"@type":"WebSite","@id":"https:\/\/prismlighting.net\/#website","url":"https:\/\/prismlighting.net\/","name":"Prism Lighting","description":"","potentialAction":[{"@type":"SearchAction","target":{"@type":"EntryPoint","urlTemplate":"https:\/\/prismlighting.net\/?s={search_term_string}"},"query-input":{"@type":"PropertyValueSpecification","valueRequired":true,"valueName":"search_term_string"}}],"inLanguage":"es"}]}},"_links":{"self":[{"href":"https:\/\/prismlighting.net\/es\/wp-json\/wp\/v2\/pages\/825","targetHints":{"allow":["GET"]}}],"collection":[{"href":"https:\/\/prismlighting.net\/es\/wp-json\/wp\/v2\/pages"}],"about":[{"href":"https:\/\/prismlighting.net\/es\/wp-json\/wp\/v2\/types\/page"}],"author":[{"embeddable":true,"href":"https:\/\/prismlighting.net\/es\/wp-json\/wp\/v2\/users\/1"}],"replies":[{"embeddable":true,"href":"https:\/\/prismlighting.net\/es\/wp-json\/wp\/v2\/comments?post=825"}],"version-history":[{"count":26,"href":"https:\/\/prismlighting.net\/es\/wp-json\/wp\/v2\/pages\/825\/revisions"}],"predecessor-version":[{"id":4896,"href":"https:\/\/prismlighting.net\/es\/wp-json\/wp\/v2\/pages\/825\/revisions\/4896"}],"wp:attachment":[{"href":"https:\/\/prismlighting.net\/es\/wp-json\/wp\/v2\/media?parent=825"}],"curies":[{"name":"wp","href":"https:\/\/api.w.org\/{rel}","templated":true}]}}