{"id":815,"date":"2016-02-29T16:20:22","date_gmt":"2016-02-29T16:20:22","guid":{"rendered":"https:\/\/prismlighting.net\/?page_id=815"},"modified":"2021-03-10T14:25:49","modified_gmt":"2021-03-10T14:25:49","slug":"warranty-international","status":"publish","type":"page","link":"https:\/\/prismlighting.net\/es\/warranty-international\/","title":{"rendered":"RMA internacional"},"content":{"rendered":"<div id=\"pl-815\"  class=\"panel-layout\" >\n<div id=\"pg-815-0\"  class=\"panel-grid panel-has-style\"  data-style=\"{&quot;class&quot;:&quot;container&quot;,&quot;background_image_attachment&quot;:false,&quot;background_display&quot;:&quot;tile&quot;,&quot;cell_alignment&quot;:&quot;flex-start&quot;}\" >\n<div class=\"container panel-row-style panel-row-style-for-815-0\" >\n<div id=\"pgc-815-0-0\"  class=\"panel-grid-cell\"  data-weight=\"1\" >\n<div id=\"panel-815-0-0-0\" class=\"so-panel widget widget_sow-editor panel-first-child panel-last-child\" data-index=\"0\" data-style=\"{&quot;background_image_attachment&quot;:false,&quot;background_display&quot;:&quot;tile&quot;}\" >\n<div class=\"so-widget-sow-editor so-widget-sow-editor-base\">\n<div class=\"siteorigin-widget-tinymce textwidget\">\n<p style=\"text-align: justify;\">\n<p style=\"text-align: justify;\">La Luz Inflable, todas sus partes, el generador y su funcionalidad; junto con sus correspondientes garant\u00edas de producto han sido creados exclusivamente para su uso en el pa\u00eds donde se compra.<\/p>\n<p style=\"text-align: justify;\">Se puede solicitar la prueba de compra para procesar la devoluci\u00f3n de mercader\u00eda (RMA)<\/p>\n<p style=\"text-align: justify;\">Si su producto fue adquirido fuera de los EEUU y Canad\u00e1,\u00a0por favor dir\u00edjase a esta p\u00e1gina web &#8211; <span style=\"text-decoration: underline;\"><span style=\"color: #0000ff;\"><a style=\"color: #0000ff; text-decoration: underline;\" href=\"https:\/\/prismlighting.net\/es\/contact-us\/\">https:\/\/prismlighting.net\/es\/contact-us\/<\/a><\/span><\/span>,<br \/>\ny localice la informaci\u00f3n de contacto para su pa\u00eds. Por favor contacte esa oficina con toda la\u00a0informaci\u00f3n pertinente<\/p>\n<p style=\"text-align: justify;\">Si su pa\u00eds no est\u00e1 en la lista,\u00a0por favor env\u00ede un email a las oficinas corporativas a <span style=\"text-decoration: underline;\"><span style=\"color: #0000ff;\"><a style=\"color: #0000ff; text-decoration: underline;\" href=\"mailto:sales@prismlighting.net\" target=\"_top\" rel=\"noopener\">sales@prismlighting.net<\/a>\u00a0<\/span><\/span>con toda la informaci\u00f3n necesaria.<\/p>\n<p>&nbsp;<\/p>\n<\/div>\n<\/div>\n<\/div>\n<\/div>\n<\/div>\n<\/div>\n<\/div>","protected":false},"excerpt":{"rendered":"<p>La Luz Inflable, todas sus partes, el generador y su funcionalidad; junto con sus correspondientes garant\u00edas de producto han sido creados exclusivamente para su uso en el pa\u00eds donde se compra. Se puede solicitar la prueba de compra para procesar la devoluci\u00f3n de mercader\u00eda (RMA) Si su producto fue adquirido fuera de los EEUU y Canad\u00e1,\u00a0por favor dir\u00edjase a esta p\u00e1gina web &#8211; https:\/\/prismlighting.net\/es\/contact-us\/, y localice la informaci\u00f3n de contacto&hellip; <\/p>\n","protected":false},"author":1,"featured_media":0,"parent":0,"menu_order":0,"comment_status":"closed","ping_status":"closed","template":"layouts\/page-fullwidth.php","meta":{"_acf_changed":false,"_monsterinsights_skip_tracking":false,"_monsterinsights_sitenote_active":false,"_monsterinsights_sitenote_note":"","_monsterinsights_sitenote_category":0,"footnotes":""},"class_list":["post-815","page","type-page","status-publish","hentry"],"acf":[],"yoast_head":"<!-- This site is optimized with the Yoast SEO plugin v26.6 - https:\/\/yoast.com\/wordpress\/plugins\/seo\/ -->\n<title>RMA internacional - Prism Lighting<\/title>\n<meta name=\"robots\" content=\"index, follow, max-snippet:-1, max-image-preview:large, max-video-preview:-1\" \/>\n<link rel=\"canonical\" href=\"https:\/\/prismlighting.net\/warranty-international\/\" \/>\n<meta property=\"og:locale\" content=\"es_ES\" \/>\n<meta property=\"og:type\" content=\"article\" \/>\n<meta property=\"og:title\" content=\"[:en]International RMA[:es]RMA internacional[:] - Prism Lighting\" \/>\n<meta property=\"og:description\" content=\"La Luz Inflable, todas sus partes, el generador y su funcionalidad; junto con sus correspondientes garant\u00edas de producto han sido creados exclusivamente para su uso en el pa\u00eds donde se compra. Se puede solicitar la prueba de compra para procesar la devoluci\u00f3n de mercader\u00eda (RMA) Si su producto fue adquirido fuera de los EEUU y Canad\u00e1,\u00a0por favor dir\u00edjase a esta p\u00e1gina web &#8211; https:\/\/prismlighting.net\/es\/contact-us\/, y localice la informaci\u00f3n de contacto&hellip;\" \/>\n<meta property=\"og:url\" content=\"https:\/\/prismlighting.net\/warranty-international\/\" \/>\n<meta property=\"og:site_name\" content=\"Prism Lighting\" \/>\n<meta property=\"article:modified_time\" content=\"2021-03-10T14:25:49+00:00\" \/>\n<meta name=\"twitter:card\" content=\"summary_large_image\" \/>\n<meta name=\"twitter:label1\" content=\"Tiempo de lectura\" \/>\n\t<meta name=\"twitter:data1\" content=\"1 minuto\" \/>\n<script type=\"application\/ld+json\" class=\"yoast-schema-graph\">{\"@context\":\"https:\/\/schema.org\",\"@graph\":[{\"@type\":\"WebPage\",\"@id\":\"https:\/\/prismlighting.net\/warranty-international\/\",\"url\":\"https:\/\/prismlighting.net\/warranty-international\/\",\"name\":\"[:en]International RMA[:es]RMA internacional[:] - Prism Lighting\",\"isPartOf\":{\"@id\":\"https:\/\/prismlighting.net\/#website\"},\"datePublished\":\"2016-02-29T16:20:22+00:00\",\"dateModified\":\"2021-03-10T14:25:49+00:00\",\"inLanguage\":\"es\",\"potentialAction\":[{\"@type\":\"ReadAction\",\"target\":[\"https:\/\/prismlighting.net\/warranty-international\/\"]}]},{\"@type\":\"WebSite\",\"@id\":\"https:\/\/prismlighting.net\/#website\",\"url\":\"https:\/\/prismlighting.net\/\",\"name\":\"Prism Lighting\",\"description\":\"\",\"potentialAction\":[{\"@type\":\"SearchAction\",\"target\":{\"@type\":\"EntryPoint\",\"urlTemplate\":\"https:\/\/prismlighting.net\/?s={search_term_string}\"},\"query-input\":{\"@type\":\"PropertyValueSpecification\",\"valueRequired\":true,\"valueName\":\"search_term_string\"}}],\"inLanguage\":\"es\"}]}<\/script>\n<!-- \/ Yoast SEO plugin. -->","yoast_head_json":{"title":"[:en]International RMA[:es]RMA internacional[:] - Prism Lighting","robots":{"index":"index","follow":"follow","max-snippet":"max-snippet:-1","max-image-preview":"max-image-preview:large","max-video-preview":"max-video-preview:-1"},"canonical":"https:\/\/prismlighting.net\/warranty-international\/","og_locale":"es_ES","og_type":"article","og_title":"[:en]International RMA[:es]RMA internacional[:] - Prism Lighting","og_description":"La Luz Inflable, todas sus partes, el generador y su funcionalidad; junto con sus correspondientes garant\u00edas de producto han sido creados exclusivamente para su uso en el pa\u00eds donde se compra. Se puede solicitar la prueba de compra para procesar la devoluci\u00f3n de mercader\u00eda (RMA) Si su producto fue adquirido fuera de los EEUU y Canad\u00e1,\u00a0por favor dir\u00edjase a esta p\u00e1gina web &#8211; https:\/\/prismlighting.net\/es\/contact-us\/, y localice la informaci\u00f3n de contacto&hellip;","og_url":"https:\/\/prismlighting.net\/warranty-international\/","og_site_name":"Prism Lighting","article_modified_time":"2021-03-10T14:25:49+00:00","twitter_card":"summary_large_image","twitter_misc":{"Tiempo de lectura":"1 minuto"},"schema":{"@context":"https:\/\/schema.org","@graph":[{"@type":"WebPage","@id":"https:\/\/prismlighting.net\/warranty-international\/","url":"https:\/\/prismlighting.net\/warranty-international\/","name":"[:en]International RMA[:es]RMA internacional[:] - Prism Lighting","isPartOf":{"@id":"https:\/\/prismlighting.net\/#website"},"datePublished":"2016-02-29T16:20:22+00:00","dateModified":"2021-03-10T14:25:49+00:00","inLanguage":"es","potentialAction":[{"@type":"ReadAction","target":["https:\/\/prismlighting.net\/warranty-international\/"]}]},{"@type":"WebSite","@id":"https:\/\/prismlighting.net\/#website","url":"https:\/\/prismlighting.net\/","name":"Prism Lighting","description":"","potentialAction":[{"@type":"SearchAction","target":{"@type":"EntryPoint","urlTemplate":"https:\/\/prismlighting.net\/?s={search_term_string}"},"query-input":{"@type":"PropertyValueSpecification","valueRequired":true,"valueName":"search_term_string"}}],"inLanguage":"es"}]}},"_links":{"self":[{"href":"https:\/\/prismlighting.net\/es\/wp-json\/wp\/v2\/pages\/815","targetHints":{"allow":["GET"]}}],"collection":[{"href":"https:\/\/prismlighting.net\/es\/wp-json\/wp\/v2\/pages"}],"about":[{"href":"https:\/\/prismlighting.net\/es\/wp-json\/wp\/v2\/types\/page"}],"author":[{"embeddable":true,"href":"https:\/\/prismlighting.net\/es\/wp-json\/wp\/v2\/users\/1"}],"replies":[{"embeddable":true,"href":"https:\/\/prismlighting.net\/es\/wp-json\/wp\/v2\/comments?post=815"}],"version-history":[{"count":22,"href":"https:\/\/prismlighting.net\/es\/wp-json\/wp\/v2\/pages\/815\/revisions"}],"predecessor-version":[{"id":4826,"href":"https:\/\/prismlighting.net\/es\/wp-json\/wp\/v2\/pages\/815\/revisions\/4826"}],"wp:attachment":[{"href":"https:\/\/prismlighting.net\/es\/wp-json\/wp\/v2\/media?parent=815"}],"curies":[{"name":"wp","href":"https:\/\/api.w.org\/{rel}","templated":true}]}}