{"id":1204,"date":"2016-03-05T11:12:51","date_gmt":"2016-03-05T11:12:51","guid":{"rendered":"https:\/\/prismlighting.net\/?page_id=1204"},"modified":"2022-11-09T13:08:36","modified_gmt":"2022-11-09T13:08:36","slug":"about-us","status":"publish","type":"page","link":"https:\/\/prismlighting.net\/es\/about-us\/","title":{"rendered":"About Us"},"content":{"rendered":"<div id=\"pl-1204\"  class=\"panel-layout\" ><div id=\"pg-1204-0\"  class=\"panel-grid panel-has-style\" ><div class=\"container abt-top panel-row-style panel-row-style-for-1204-0\" ><div id=\"pgc-1204-0-0\"  class=\"panel-grid-cell\" ><div id=\"panel-1204-0-0-0\" class=\"so-panel widget widget_sow-editor panel-first-child panel-last-child\" data-index=\"0\" ><div\n\t\t\t\n\t\t\tclass=\"so-widget-sow-editor so-widget-sow-editor-base\"\n\t\t\t\n\t\t>\n<div class=\"siteorigin-widget-tinymce textwidget\">\n\t<div class=\"about_slide\"><\/div>\n<p style=\"font-family: inherit; font-size: 16px; line-height: 28px; text-align: justify;\">Prism Lighting Services se estableci\u00f3 en 2003 para la fabricaci\u00f3n y distribuci\u00f3n de Luz Inflable Prismt, Luz de GloboPrism, Reflectores Prism y Prism luz indicadora.<\/p>\n<p style=\"font-family: inherit; font-size: 16px; line-height: 28px; text-align: justify;\">Con m\u00e1s de 50 a\u00f1os de experiencia combinada, el equipo de ventas y marketing de Prism Lighting Services tiene la profundidad necesaria para ayudarlo a desarrollar un plan de ventas y marketing para la distribuci\u00f3n de los productos Prism Lighting. Nos hemos establecido con una lista verificable de clientes satisfechos, que dar\u00e1n fe del profesionalismo, el compromiso con la calidad y la buena atenci\u00f3n al cliente de Prism.<\/p>\n\n<h3 style=\"text-align: center;font-size:24px;\"><strong>Peque\u00f1as Empresa Exportadora del a\u00f1o (2009)<\/strong><\/h3>\n<p style=\"text-align: justify;\">Manish Kothari de Prism Lighting Services, LLC. aceptando el premio de Peque\u00f1as Empresas Exportadoras del A\u00f1o en 2009 a nivel regional y estatal. La divisi\u00f3n Internacional de la C\u00e1mara de Comercio Regional de Jacksonville otorga este premio a una empresa del noreste de Florida con menos de 100 empleados en reconocimiento a su perseverancia en la adquisici\u00f3n del conocimiento para comercializar sus productos y \/ o servicios en otros pa\u00edses.<\/p>\n\n<h3 style=\"text-align: center;font-size:24px;\"><strong>Declaraci\u00f3n de Misi\u00f3n<\/strong><\/h3>\n<p style=\"text-align: center;\">\u201cIntroducir sistemas de iluminaci\u00f3n \u00fanicos en el mundo y brindar un excelente servicio al cliente\u201d.<\/p>\n\n<!--\n<h2 style=\"text-align: center;\"><strong><span style=\"color: #000080; margin-left: 5px;\">Prism Inflatable Light Patent\u00a0<\/span><\/strong><\/h2>\n<img loading=\"lazy\" decoding=\"async\" class=\"alignnone size-full wp-image-1581 aligncenter\" src=\"https:\/\/prismlighting.vskysolutions.com\/wp-content\/uploads\/2016\/03\/patent3.jpg\" alt=\"patent3.jpg\" width=\"314\" height=\"55\" \/>\n<h2 style=\"text-align: center;\"><span style=\"color: #000080;\">\u00a0<\/span><strong><span style=\"color: #000080;\">Prism GSA\u00a0<\/span><\/strong><\/h2>\n<img loading=\"lazy\" decoding=\"async\" class=\"alignnone size-full wp-image-1581 aligncenter\" src=\"https:\/\/prismlighting.vskysolutions.com\/wp-content\/uploads\/2016\/03\/patent1.jpg\" alt=\"patent1\" width=\"314\" height=\"55\" srcset=\"https:\/\/prismlighting.net\/wp-content\/uploads\/2016\/03\/patent1.jpg 314w, https:\/\/prismlighting.net\/wp-content\/uploads\/2016\/03\/patent1-300x53.jpg 300w\" sizes=\"auto, (max-width: 314px) 100vw, 314px\" \/>--><\/div>\n<\/div><\/div><\/div><\/div><\/div><div id=\"pg-1204-1\"  class=\"panel-grid panel-has-style\" ><div class=\"panel-row-style panel-row-style-for-1204-1\" ><div id=\"pgc-1204-1-0\"  class=\"panel-grid-cell\" ><div id=\"panel-1204-1-0-0\" class=\"widget_text so-panel widget widget_custom_html panel-first-child panel-last-child\" data-index=\"1\" ><h3 class=\"widget-title\">Nuestro equipo<\/h3><div class=\"textwidget custom-html-widget\"><\/div><\/div><\/div><\/div><\/div><div id=\"pg-1204-2\"  class=\"panel-grid panel-has-style\" ><div class=\"member-section panel-row-style panel-row-style-for-1204-2\" ><div id=\"pgc-1204-2-0\"  class=\"panel-grid-cell\" ><div id=\"panel-1204-2-0-0\" class=\"so-panel widget widget_media_image panel-first-child\" data-index=\"2\" ><img loading=\"lazy\" decoding=\"async\" width=\"300\" height=\"300\" src=\"https:\/\/prismlighting.net\/wp-content\/uploads\/2021\/03\/Manish-Kothari-Profile-Image.jpg\" class=\"image wp-image-4959  attachment-full size-full\" alt=\"Manish Kothari-President\" style=\"max-width: 100%; height: auto;\" srcset=\"https:\/\/prismlighting.net\/wp-content\/uploads\/2021\/03\/Manish-Kothari-Profile-Image.jpg 300w, https:\/\/prismlighting.net\/wp-content\/uploads\/2021\/03\/Manish-Kothari-Profile-Image-150x150.jpg 150w\" sizes=\"auto, (max-width: 300px) 100vw, 300px\" \/><\/div><div id=\"panel-1204-2-0-1\" class=\"widget_text so-panel widget widget_custom_html panel-last-child\" data-index=\"3\" ><div class=\"textwidget custom-html-widget\"><div class=\"desc-box\">\n\t<div class=\"member-name\">Manish Kothari<\/div>\n\t<div class=\"member-designation\">Presidente<\/div>\n<\/div><\/div><\/div><\/div><div id=\"pgc-1204-2-1\"  class=\"panel-grid-cell\" ><div id=\"panel-1204-2-1-0\" class=\"so-panel widget widget_media_image panel-first-child\" data-index=\"4\" ><img loading=\"lazy\" decoding=\"async\" width=\"300\" height=\"300\" src=\"https:\/\/prismlighting.net\/wp-content\/uploads\/2021\/03\/Bill-Rice-Profile-Image.jpg\" class=\"image wp-image-4957  attachment-full size-full\" alt=\"Bill Rice-Sales Director\" style=\"max-width: 100%; height: auto;\" srcset=\"https:\/\/prismlighting.net\/wp-content\/uploads\/2021\/03\/Bill-Rice-Profile-Image.jpg 300w, https:\/\/prismlighting.net\/wp-content\/uploads\/2021\/03\/Bill-Rice-Profile-Image-150x150.jpg 150w\" sizes=\"auto, (max-width: 300px) 100vw, 300px\" \/><\/div><div id=\"panel-1204-2-1-1\" class=\"widget_text so-panel widget widget_custom_html panel-last-child\" data-index=\"5\" ><div class=\"textwidget custom-html-widget\"><div class=\"desc-box\">\n\t<div class=\"member-name\">Bill Rice<\/div>\n\t<div class=\"member-designation\">Director de Ventas<\/div>\n<\/div><\/div><\/div><\/div><div id=\"pgc-1204-2-2\"  class=\"panel-grid-cell\" ><div id=\"panel-1204-2-2-0\" class=\"so-panel widget widget_media_image panel-first-child\" data-index=\"6\" ><img loading=\"lazy\" decoding=\"async\" width=\"300\" height=\"300\" src=\"https:\/\/prismlighting.net\/wp-content\/uploads\/2021\/03\/Jason-Williams-Profile-Image.jpg\" class=\"image wp-image-4958  attachment-full size-full\" alt=\"Jason Williams-Service Manager\" style=\"max-width: 100%; height: auto;\" srcset=\"https:\/\/prismlighting.net\/wp-content\/uploads\/2021\/03\/Jason-Williams-Profile-Image.jpg 300w, https:\/\/prismlighting.net\/wp-content\/uploads\/2021\/03\/Jason-Williams-Profile-Image-150x150.jpg 150w\" sizes=\"auto, (max-width: 300px) 100vw, 300px\" \/><\/div><div id=\"panel-1204-2-2-1\" class=\"widget_text so-panel widget widget_custom_html panel-last-child\" data-index=\"7\" ><div class=\"textwidget custom-html-widget\"><div class=\"desc-box\">\n\t<div class=\"member-name\">Jason Williams<\/div>\n\t<div class=\"member-designation\">Gerente de servicio<\/div>\n<\/div><\/div><\/div><\/div><div id=\"pgc-1204-2-3\"  class=\"panel-grid-cell\" ><div id=\"panel-1204-2-3-0\" class=\"so-panel widget widget_media_image panel-first-child\" data-index=\"8\" ><img loading=\"lazy\" decoding=\"async\" width=\"300\" height=\"300\" src=\"https:\/\/prismlighting.net\/wp-content\/uploads\/2022\/11\/Prism_Block_300-.jpg\" class=\"image wp-image-5197  attachment-full size-full\" alt=\"\" style=\"max-width: 100%; height: auto;\" srcset=\"https:\/\/prismlighting.net\/wp-content\/uploads\/2022\/11\/Prism_Block_300-.jpg 300w, https:\/\/prismlighting.net\/wp-content\/uploads\/2022\/11\/Prism_Block_300--150x150.jpg 150w\" sizes=\"auto, (max-width: 300px) 100vw, 300px\" \/><\/div><div id=\"panel-1204-2-3-1\" class=\"widget_text so-panel widget widget_custom_html panel-last-child\" data-index=\"9\" ><div class=\"textwidget custom-html-widget\"><div class=\"desc-box\">\n\t<div class=\"member-name\">Dorothy Halligan<\/div>\n\t<div class=\"member-designation\">Administrador de la oficina<\/div>\n<\/div><\/div><\/div><\/div><\/div><\/div><\/div>","protected":false},"excerpt":{"rendered":"<p>Prism Lighting Services se estableci\u00f3 en 2003 para la fabricaci\u00f3n y distribuci\u00f3n de Luz Inflable Prismt, Luz de GloboPrism, Reflectores Prism y Prism luz indicadora. Con m\u00e1s de 50 a\u00f1os de experiencia combinada, el equipo de ventas y marketing de Prism Lighting Services tiene la profundidad necesaria para ayudarlo a desarrollar un plan de ventas y marketing para la distribuci\u00f3n de los productos Prism Lighting. Nos hemos establecido con una&hellip; <\/p>\n","protected":false},"author":1,"featured_media":0,"parent":0,"menu_order":0,"comment_status":"closed","ping_status":"closed","template":"layouts\/business.php","meta":{"_acf_changed":false,"_monsterinsights_skip_tracking":false,"_monsterinsights_sitenote_active":false,"_monsterinsights_sitenote_note":"","_monsterinsights_sitenote_category":0,"footnotes":""},"class_list":["post-1204","page","type-page","status-publish","hentry"],"acf":[],"yoast_head":"<!-- This site is optimized with the Yoast SEO plugin v26.6 - https:\/\/yoast.com\/wordpress\/plugins\/seo\/ -->\n<title>PLS : Prism Lighting Services | Prism Lighting Products<\/title>\n<meta name=\"description\" content=\"Introducing unique lighting systems to the world and providing excellent customer service is the mission of prism lighting services.\" \/>\n<meta name=\"robots\" content=\"index, follow, max-snippet:-1, max-image-preview:large, max-video-preview:-1\" \/>\n<link rel=\"canonical\" href=\"https:\/\/prismlighting.net\/about-us\/\" \/>\n<meta property=\"og:locale\" content=\"es_ES\" \/>\n<meta property=\"og:type\" content=\"article\" \/>\n<meta property=\"og:title\" content=\"PLS : Prism Lighting Services | Prism Lighting Products\" \/>\n<meta property=\"og:description\" content=\"Introducing unique lighting systems to the world and providing excellent customer service is the mission of prism lighting services.\" \/>\n<meta property=\"og:url\" content=\"https:\/\/prismlighting.net\/about-us\/\" \/>\n<meta property=\"og:site_name\" content=\"Prism Lighting\" \/>\n<meta property=\"article:modified_time\" content=\"2022-11-09T13:08:36+00:00\" \/>\n<meta property=\"og:image\" content=\"https:\/\/prismlighting.vskysolutions.com\/wp-content\/uploads\/2016\/03\/patent3.jpg\" \/>\n<meta name=\"twitter:card\" content=\"summary_large_image\" \/>\n<meta name=\"twitter:label1\" content=\"Tiempo de lectura\" \/>\n\t<meta name=\"twitter:data1\" content=\"2 minutos\" \/>\n<script type=\"application\/ld+json\" class=\"yoast-schema-graph\">{\"@context\":\"https:\/\/schema.org\",\"@graph\":[{\"@type\":\"WebPage\",\"@id\":\"https:\/\/prismlighting.net\/about-us\/\",\"url\":\"https:\/\/prismlighting.net\/about-us\/\",\"name\":\"PLS : Prism Lighting Services | Prism Lighting Products\",\"isPartOf\":{\"@id\":\"https:\/\/prismlighting.net\/#website\"},\"primaryImageOfPage\":{\"@id\":\"https:\/\/prismlighting.net\/about-us\/#primaryimage\"},\"image\":{\"@id\":\"https:\/\/prismlighting.net\/about-us\/#primaryimage\"},\"thumbnailUrl\":\"https:\/\/prismlighting.vskysolutions.com\/wp-content\/uploads\/2016\/03\/patent3.jpg\",\"datePublished\":\"2016-03-05T11:12:51+00:00\",\"dateModified\":\"2022-11-09T13:08:36+00:00\",\"description\":\"Introducing unique lighting systems to the world and providing excellent customer service is the mission of prism lighting services.\",\"inLanguage\":\"es\",\"potentialAction\":[{\"@type\":\"ReadAction\",\"target\":[\"https:\/\/prismlighting.net\/about-us\/\"]}]},{\"@type\":\"ImageObject\",\"inLanguage\":\"es\",\"@id\":\"https:\/\/prismlighting.net\/about-us\/#primaryimage\",\"url\":\"https:\/\/prismlighting.vskysolutions.com\/wp-content\/uploads\/2016\/03\/patent3.jpg\",\"contentUrl\":\"https:\/\/prismlighting.vskysolutions.com\/wp-content\/uploads\/2016\/03\/patent3.jpg\"},{\"@type\":\"WebSite\",\"@id\":\"https:\/\/prismlighting.net\/#website\",\"url\":\"https:\/\/prismlighting.net\/\",\"name\":\"Prism Lighting\",\"description\":\"\",\"potentialAction\":[{\"@type\":\"SearchAction\",\"target\":{\"@type\":\"EntryPoint\",\"urlTemplate\":\"https:\/\/prismlighting.net\/?s={search_term_string}\"},\"query-input\":{\"@type\":\"PropertyValueSpecification\",\"valueRequired\":true,\"valueName\":\"search_term_string\"}}],\"inLanguage\":\"es\"}]}<\/script>\n<!-- \/ Yoast SEO plugin. -->","yoast_head_json":{"title":"PLS : Prism Lighting Services | Prism Lighting Products","description":"Introducing unique lighting systems to the world and providing excellent customer service is the mission of prism lighting services.","robots":{"index":"index","follow":"follow","max-snippet":"max-snippet:-1","max-image-preview":"max-image-preview:large","max-video-preview":"max-video-preview:-1"},"canonical":"https:\/\/prismlighting.net\/about-us\/","og_locale":"es_ES","og_type":"article","og_title":"PLS : Prism Lighting Services | Prism Lighting Products","og_description":"Introducing unique lighting systems to the world and providing excellent customer service is the mission of prism lighting services.","og_url":"https:\/\/prismlighting.net\/about-us\/","og_site_name":"Prism Lighting","article_modified_time":"2022-11-09T13:08:36+00:00","og_image":[{"url":"https:\/\/prismlighting.vskysolutions.com\/wp-content\/uploads\/2016\/03\/patent3.jpg","type":"","width":"","height":""}],"twitter_card":"summary_large_image","twitter_misc":{"Tiempo de lectura":"2 minutos"},"schema":{"@context":"https:\/\/schema.org","@graph":[{"@type":"WebPage","@id":"https:\/\/prismlighting.net\/about-us\/","url":"https:\/\/prismlighting.net\/about-us\/","name":"PLS : Prism Lighting Services | Prism Lighting Products","isPartOf":{"@id":"https:\/\/prismlighting.net\/#website"},"primaryImageOfPage":{"@id":"https:\/\/prismlighting.net\/about-us\/#primaryimage"},"image":{"@id":"https:\/\/prismlighting.net\/about-us\/#primaryimage"},"thumbnailUrl":"https:\/\/prismlighting.vskysolutions.com\/wp-content\/uploads\/2016\/03\/patent3.jpg","datePublished":"2016-03-05T11:12:51+00:00","dateModified":"2022-11-09T13:08:36+00:00","description":"Introducing unique lighting systems to the world and providing excellent customer service is the mission of prism lighting services.","inLanguage":"es","potentialAction":[{"@type":"ReadAction","target":["https:\/\/prismlighting.net\/about-us\/"]}]},{"@type":"ImageObject","inLanguage":"es","@id":"https:\/\/prismlighting.net\/about-us\/#primaryimage","url":"https:\/\/prismlighting.vskysolutions.com\/wp-content\/uploads\/2016\/03\/patent3.jpg","contentUrl":"https:\/\/prismlighting.vskysolutions.com\/wp-content\/uploads\/2016\/03\/patent3.jpg"},{"@type":"WebSite","@id":"https:\/\/prismlighting.net\/#website","url":"https:\/\/prismlighting.net\/","name":"Prism Lighting","description":"","potentialAction":[{"@type":"SearchAction","target":{"@type":"EntryPoint","urlTemplate":"https:\/\/prismlighting.net\/?s={search_term_string}"},"query-input":{"@type":"PropertyValueSpecification","valueRequired":true,"valueName":"search_term_string"}}],"inLanguage":"es"}]}},"_links":{"self":[{"href":"https:\/\/prismlighting.net\/es\/wp-json\/wp\/v2\/pages\/1204","targetHints":{"allow":["GET"]}}],"collection":[{"href":"https:\/\/prismlighting.net\/es\/wp-json\/wp\/v2\/pages"}],"about":[{"href":"https:\/\/prismlighting.net\/es\/wp-json\/wp\/v2\/types\/page"}],"author":[{"embeddable":true,"href":"https:\/\/prismlighting.net\/es\/wp-json\/wp\/v2\/users\/1"}],"replies":[{"embeddable":true,"href":"https:\/\/prismlighting.net\/es\/wp-json\/wp\/v2\/comments?post=1204"}],"version-history":[{"count":294,"href":"https:\/\/prismlighting.net\/es\/wp-json\/wp\/v2\/pages\/1204\/revisions"}],"predecessor-version":[{"id":5203,"href":"https:\/\/prismlighting.net\/es\/wp-json\/wp\/v2\/pages\/1204\/revisions\/5203"}],"wp:attachment":[{"href":"https:\/\/prismlighting.net\/es\/wp-json\/wp\/v2\/media?parent=1204"}],"curies":[{"name":"wp","href":"https:\/\/api.w.org\/{rel}","templated":true}]}}